{"id":1382,"date":"2024-01-18T06:57:33","date_gmt":"2024-01-18T06:57:33","guid":{"rendered":"https:\/\/loomobox.com\/?page_id=1382"},"modified":"2025-01-24T09:03:36","modified_gmt":"2025-01-24T09:03:36","slug":"imprint","status":"publish","type":"page","link":"https:\/\/loomobox.com\/en\/impressum\/","title":{"rendered":"Imprint"},"content":{"rendered":"<p>[et_pb_section fb_built=&#8220;1&#8243; _builder_version=&#8220;4.23.1&#8243; _module_preset=&#8220;default&#8220; locked=&#8220;off&#8220; global_colors_info=&#8220;{}&#8220;][et_pb_row _builder_version=&#8220;4.25.0&#8243; _module_preset=&#8220;default&#8220; custom_padding=&#8220;100px||0px||false|false&#8220; global_colors_info=&#8220;{}&#8220;][et_pb_column type=&#8220;4_4&#8243; _builder_version=&#8220;4.25.0&#8243; _module_preset=&#8220;default&#8220; animation_style=&#8220;none&#8220; global_colors_info=&#8220;{}&#8220;][et_pb_text module_class=&#8220;styling_h1&#8243; _builder_version=&#8220;4.23.4&#8243; _module_preset=&#8220;default&#8220; global_colors_info=&#8220;{}&#8220;]<\/p>\n<h1>Impressum<\/h1>\n<p>[\/et_pb_text][\/et_pb_column][\/et_pb_row][et_pb_row _builder_version=&#8220;4.25.0&#8243; _module_preset=&#8220;default&#8220; global_colors_info=&#8220;{}&#8220;][et_pb_column type=&#8220;4_4&#8243; _builder_version=&#8220;4.25.0&#8243; _module_preset=&#8220;default&#8220; animation_style=&#8220;none&#8220; global_colors_info=&#8220;{}&#8220;][et_pb_image src=&#8220;https:\/\/loomobox.com\/wp-content\/uploads\/2023\/11\/230719_loomobox.svg&#8220; title_text=&#8220;230719_loomobox&#8220; _builder_version=&#8220;4.23.4&#8243; _module_preset=&#8220;default&#8220; max_width=&#8220;200px&#8220; border_radii=&#8220;on|0px|0px|0px|0px&#8220; global_colors_info=&#8220;{}&#8220;][\/et_pb_image][et_pb_text _builder_version=&#8220;4.27.4&#8243; _module_preset=&#8220;default&#8220; hover_enabled=&#8220;0&#8243; global_colors_info=&#8220;{}&#8220; sticky_enabled=&#8220;0&#8243;]<\/p>\n<h4>loomobox FlexCo<\/h4>\n<p>Schie\u00dfstattgasse 33<br \/>\n8010 Graz<br \/>\n\u00d6sterreich<\/p>\n<p>FN 622772 t<br \/>\nFirmenbuchgericht: Landesgericht f\u00fcr ZRS Graz<\/p>\n<p>UID: ATU80496704<br \/>\nMitglied der Wirtschaftskammer Steiermark, Fachgruppe Werbung &#038; Marktkommunikation<\/p>\n<p>Aufsichtsbeh\u00f6rde\/Gewerbebeh\u00f6rde: Magistrat der Stadt Graz<\/p>\n<h4>Kontakt<\/h4>\n<p>mail@loomobox.com<\/p>\n<p>loomobox FlexCo<br \/>\nSchie\u00dfstattgasse 33<br \/>\n8010 Graz<br \/>\n\u00d6sterreich[\/et_pb_text][\/et_pb_column][\/et_pb_row][\/et_pb_section]<\/p>\n","protected":false},"excerpt":{"rendered":"<p>Impressumloomobox FlexCo Schie\u00dfstattgasse 33 8010 Graz \u00d6sterreich FN 622772 t Firmenbuchgericht: Landesgericht f\u00fcr ZRS Graz UID: ATU80496704 Mitglied der Wirtschaftskammer Steiermark, Fachgruppe Werbung &#038; Marktkommunikation Aufsichtsbeh\u00f6rde\/Gewerbebeh\u00f6rde: Magistrat der Stadt Graz Kontakt mail@loomobox.com loomobox FlexCo Schie\u00dfstattgasse 33 8010 Graz \u00d6sterreich<\/p>","protected":false},"author":1,"featured_media":1669,"parent":0,"menu_order":0,"comment_status":"closed","ping_status":"closed","template":"","meta":{"_et_pb_use_builder":"on","_et_pb_old_content":"","_et_gb_content_width":"","footnotes":""},"class_list":["post-1382","page","type-page","status-publish","has-post-thumbnail","hentry"],"aioseo_notices":[],"_links":{"self":[{"href":"https:\/\/loomobox.com\/en\/wp-json\/wp\/v2\/pages\/1382","targetHints":{"allow":["GET"]}}],"collection":[{"href":"https:\/\/loomobox.com\/en\/wp-json\/wp\/v2\/pages"}],"about":[{"href":"https:\/\/loomobox.com\/en\/wp-json\/wp\/v2\/types\/page"}],"author":[{"embeddable":true,"href":"https:\/\/loomobox.com\/en\/wp-json\/wp\/v2\/users\/1"}],"replies":[{"embeddable":true,"href":"https:\/\/loomobox.com\/en\/wp-json\/wp\/v2\/comments?post=1382"}],"version-history":[{"count":4,"href":"https:\/\/loomobox.com\/en\/wp-json\/wp\/v2\/pages\/1382\/revisions"}],"predecessor-version":[{"id":2569,"href":"https:\/\/loomobox.com\/en\/wp-json\/wp\/v2\/pages\/1382\/revisions\/2569"}],"wp:featuredmedia":[{"embeddable":true,"href":"https:\/\/loomobox.com\/en\/wp-json\/wp\/v2\/media\/1669"}],"wp:attachment":[{"href":"https:\/\/loomobox.com\/en\/wp-json\/wp\/v2\/media?parent=1382"}],"curies":[{"name":"wp","href":"https:\/\/api.w.org\/{rel}","templated":true}]}}