{"id":1363,"date":"2024-01-17T15:05:02","date_gmt":"2024-01-17T15:05:02","guid":{"rendered":"https:\/\/loomobox.com\/?page_id=1363"},"modified":"2024-02-01T12:53:57","modified_gmt":"2024-02-01T12:53:57","slug":"application","status":"publish","type":"page","link":"https:\/\/loomobox.com\/en\/jobs\/bewerbung\/","title":{"rendered":"Initiative application"},"content":{"rendered":"\n[et_pb_section fb_built=&#8220;1&#8243; _builder_version=&#8220;4.24.0&#8243; _module_preset=&#8220;default&#8220; hover_enabled=&#8220;0&#8243; locked=&#8220;off&#8220; global_colors_info=&#8220;{}&#8220; custom_padding=&#8220;200px||150px||false|false&#8220; sticky_enabled=&#8220;0&#8243;][et_pb_row column_structure=&#8220;2_5,3_5&#8243; _builder_version=&#8220;4.24.0&#8243; _module_preset=&#8220;default&#8220; custom_padding=&#8220;4px||16px||false|false&#8220; custom_padding_phone=&#8220;101px||0px||false|false&#8220; global_colors_info=&#8220;{}&#8220;][et_pb_column type=&#8220;2_5&#8243; _builder_version=&#8220;4.23&#8243; _module_preset=&#8220;default&#8220; global_colors_info=&#8220;{}&#8220;][et_pb_image src=&#8220;https:\/\/loomobox.com\/wp-content\/uploads\/2023\/11\/Loomo_Box_Configurate_Stock_04.webp&#8220; title_text=&#8220;Loomo_Box_Configurate_Stock_04&#8243; _builder_version=&#8220;4.23.4&#8243; _module_preset=&#8220;default&#8220; global_colors_info=&#8220;{}&#8220;][\/et_pb_image][\/et_pb_column][et_pb_column type=&#8220;3_5&#8243; _builder_version=&#8220;4.23&#8243; _module_preset=&#8220;default&#8220; global_colors_info=&#8220;{}&#8220;][et_pb_text module_class=&#8220;styling_h4&#8243; _builder_version=&#8220;4.23.4&#8243; _module_preset=&#8220;default&#8220; locked=&#8220;off&#8220; global_colors_info=&#8220;{}&#8220;]<h2>Initiativbewerbung<\/h2>[\/et_pb_text][\/et_pb_column][\/et_pb_row][\/et_pb_section][et_pb_section fb_built=&#8220;1&#8243; _builder_version=&#8220;4.23.1&#8243; _module_preset=&#8220;default&#8220; background_color=&#8220;#F7F7FC&#8220; locked=&#8220;off&#8220; global_colors_info=&#8220;{}&#8220;][et_pb_row make_equal=&#8220;off&#8220; custom_padding_last_edited=&#8220;off|desktop&#8220; _builder_version=&#8220;4.23.4&#8243; _module_preset=&#8220;default&#8220; custom_padding=&#8220;0px||0px||false|false&#8220; global_colors_info=&#8220;{}&#8220;][et_pb_column type=&#8220;4_4&#8243; _builder_version=&#8220;4.23.1&#8243; _module_preset=&#8220;default&#8220; global_colors_info=&#8220;{}&#8220;][et_pb_image src=&#8220;https:\/\/loomobox.com\/wp-content\/uploads\/2023\/12\/loomobox_icon_speach_bubble_01.webp&#8220; title_text=&#8220;loomobox_icon_speach_bubble_01&#8243; _builder_version=&#8220;4.23.4&#8243; _module_preset=&#8220;default&#8220; max_width=&#8220;100px&#8220; custom_margin=&#8220;||32px|||&#8220; global_colors_info=&#8220;{}&#8220;][\/et_pb_image][et_pb_text _builder_version=&#8220;4.23.4&#8243; _module_preset=&#8220;default&#8220; custom_margin=&#8220;0px||0px||false|false&#8220; custom_padding=&#8220;50px||20px||false|false&#8220; global_colors_info=&#8220;{}&#8220;]<h3 class=\"ql-align-justify\">Keine passende Stelle dabei?<\/h3>[\/et_pb_text][et_pb_text _builder_version=&#8220;4.23.4&#8243; _module_preset=&#8220;default&#8220; max_width=&#8220;1000px&#8220; custom_margin=&#8220;0px||0px||false|false&#8220; custom_padding=&#8220;20px||20px||true|false&#8220; global_colors_info=&#8220;{}&#8220;]<p class=\"ql-align-justify\">Wir suchen immer motivierte Talente, die unsere Vision mit uns teilen und loomobox von Beginn an mitgestalten m\u00f6chten.<\/p>\n<p>Melde dich mit deiner Initiativbewerbung und erz\u00e4hle uns, wer du bist, was du machst und warum du Teil von loomobox sein m\u00f6chtest.<\/p>\n<p>Schick deine Portfolio, deine Referenzen und\/oder CV per E-Mail an Michael Wintschnig (<a href=\"mailto:jobs@loomobox.com\">jobs@loomobox.com<\/a>). Wir melden uns bei dir, sobald eine passende Stelle frei ist.<\/p>\n<p>Wir freuen uns auf deine Nachricht!<\/p>[\/et_pb_text][\/et_pb_column][\/et_pb_row][\/et_pb_section][et_pb_section fb_built=&#8220;1&#8243; _builder_version=&#8220;4.23.1&#8243; _module_preset=&#8220;default&#8220; background_color=&#8220;#FFFFFF&#8220; custom_padding=&#8220;100px||100px||false|false&#8220; locked=&#8220;off&#8220; global_colors_info=&#8220;{}&#8220;][et_pb_row _builder_version=&#8220;4.24.0&#8243; _module_preset=&#8220;default&#8220; custom_padding=&#8220;100px||0px||false|false&#8220; custom_padding_phone=&#8220;60px||0px||false|false&#8220; global_colors_info=&#8220;{}&#8220;][et_pb_column type=&#8220;4_4&#8243; _builder_version=&#8220;4.23.1&#8243; _module_preset=&#8220;default&#8220; global_colors_info=&#8220;{}&#8220;][et_pb_text module_class=&#8220;styling_h2&#8243; _builder_version=&#8220;4.23.1&#8243; _module_preset=&#8220;default&#8220; global_colors_info=&#8220;{}&#8220;]<h2>Lass uns vernetzen!<\/h2>[\/et_pb_text][\/et_pb_column][\/et_pb_row][et_pb_row _builder_version=&#8220;4.24.0&#8243; _module_preset=&#8220;default&#8220; custom_padding=&#8220;32px||100px||false|false&#8220; custom_padding_phone=&#8220;20px||60px||false|false&#8220; global_colors_info=&#8220;{}&#8220;][et_pb_column type=&#8220;4_4&#8243; _builder_version=&#8220;4.23.1&#8243; _module_preset=&#8220;default&#8220; global_colors_info=&#8220;{}&#8220;][et_pb_social_media_follow icon_color=&#8220;#FFFFFF&#8220; use_icon_font_size=&#8220;on&#8220; icon_font_size=&#8220;26px&#8220; _builder_version=&#8220;4.23.1&#8243; _module_preset=&#8220;default&#8220; text_orientation=&#8220;left&#8220; border_radii=&#8220;on|8px|8px|8px|8px&#8220; global_colors_info=&#8220;{}&#8220;][et_pb_social_media_follow_network social_network=&#8220;linkedin&#8220; url=&#8220;https:\/\/www.linkedin.com\/company\/loomobox&#8220; _builder_version=&#8220;4.23.1&#8243; _module_preset=&#8220;default&#8220; background_color=&#8220;#0E1131&#8243; background_enable_color=&#8220;on&#8220; global_colors_info=&#8220;{}&#8220; background_enable_color__hover=&#8220;on&#8220; background__hover_enabled=&#8220;on|desktop&#8220; background_color__hover=&#8220;#2D2B9B&#8220; follow_button=&#8220;off&#8220; url_new_window=&#8220;on&#8220;]linkedin[\/et_pb_social_media_follow_network][et_pb_social_media_follow_network social_network=&#8220;instagram&#8220; url=&#8220;https:\/\/www.instagram.com\/loomobox\/&#8220; _builder_version=&#8220;4.23.1&#8243; _module_preset=&#8220;default&#8220; background_color=&#8220;#0E1131&#8243; background_enable_color=&#8220;on&#8220; global_colors_info=&#8220;{}&#8220; background__hover_enabled=&#8220;on|desktop&#8220; background_color__hover=&#8220;#2D2B9B&#8220; background_enable_color__hover=&#8220;on&#8220; follow_button=&#8220;off&#8220; url_new_window=&#8220;on&#8220;]instagram[\/et_pb_social_media_follow_network][et_pb_social_media_follow_network social_network=&#8220;pinterest&#8220; url=&#8220;https:\/\/www.pinterest.at\/loomobox&#8220; _builder_version=&#8220;4.23.1&#8243; _module_preset=&#8220;default&#8220; background_color=&#8220;#0E1131&#8243; background_enable_color=&#8220;on&#8220; global_colors_info=&#8220;{}&#8220; background_enable_color__hover=&#8220;on&#8220; background__hover_enabled=&#8220;on|desktop&#8220; background_color__hover=&#8220;#2D2B9B&#8220; follow_button=&#8220;off&#8220; url_new_window=&#8220;on&#8220;]pinterest[\/et_pb_social_media_follow_network][\/et_pb_social_media_follow][\/et_pb_column][\/et_pb_row][\/et_pb_section]\n","protected":false},"excerpt":{"rendered":"<p>InitiativbewerbungKeine passende Stelle dabei?Wir suchen immer motivierte Talente, die unsere Vision mit uns teilen und loomobox von Beginn an mitgestalten m\u00f6chten. Melde dich mit deiner Initiativbewerbung und erz\u00e4hle uns, wer du bist, was du machst und warum du Teil von loomobox sein m\u00f6chtest. Schick deine Portfolio, deine Referenzen und\/oder CV per E-Mail an Michael Wintschnig [&hellip;]<\/p>\n","protected":false},"author":1,"featured_media":1690,"parent":1099,"menu_order":0,"comment_status":"closed","ping_status":"closed","template":"","meta":{"_et_pb_use_builder":"on","_et_pb_old_content":"","_et_gb_content_width":"","footnotes":""},"class_list":["post-1363","page","type-page","status-publish","has-post-thumbnail","hentry"],"aioseo_notices":[],"_links":{"self":[{"href":"https:\/\/loomobox.com\/en\/wp-json\/wp\/v2\/pages\/1363","targetHints":{"allow":["GET"]}}],"collection":[{"href":"https:\/\/loomobox.com\/en\/wp-json\/wp\/v2\/pages"}],"about":[{"href":"https:\/\/loomobox.com\/en\/wp-json\/wp\/v2\/types\/page"}],"author":[{"embeddable":true,"href":"https:\/\/loomobox.com\/en\/wp-json\/wp\/v2\/users\/1"}],"replies":[{"embeddable":true,"href":"https:\/\/loomobox.com\/en\/wp-json\/wp\/v2\/comments?post=1363"}],"version-history":[{"count":1,"href":"https:\/\/loomobox.com\/en\/wp-json\/wp\/v2\/pages\/1363\/revisions"}],"predecessor-version":[{"id":1767,"href":"https:\/\/loomobox.com\/en\/wp-json\/wp\/v2\/pages\/1363\/revisions\/1767"}],"up":[{"embeddable":true,"href":"https:\/\/loomobox.com\/en\/wp-json\/wp\/v2\/pages\/1099"}],"wp:featuredmedia":[{"embeddable":true,"href":"https:\/\/loomobox.com\/en\/wp-json\/wp\/v2\/media\/1690"}],"wp:attachment":[{"href":"https:\/\/loomobox.com\/en\/wp-json\/wp\/v2\/media?parent=1363"}],"curies":[{"name":"wp","href":"https:\/\/api.w.org\/{rel}","templated":true}]}}