{"id":1137,"date":"2023-12-19T12:50:02","date_gmt":"2023-12-19T12:50:02","guid":{"rendered":"https:\/\/loomobox.com\/?page_id=1137"},"modified":"2025-01-07T14:01:12","modified_gmt":"2025-01-07T14:01:12","slug":"sales","status":"publish","type":"page","link":"https:\/\/loomobox.com\/en\/hilfe\/sales\/","title":{"rendered":"Sales"},"content":{"rendered":"<p>[et_pb_section fb_built=&#8220;1&#8243; _builder_version=&#8220;4.23.1&#8243; _module_preset=&#8220;default&#8220; locked=&#8220;off&#8220; global_colors_info=&#8220;{}&#8220;][et_pb_row _builder_version=&#8220;4.23.1&#8243; _module_preset=&#8220;default&#8220; custom_padding=&#8220;100px||16px||false|false&#8220; custom_padding_phone=&#8220;60px||0px||false|false&#8220; global_colors_info=&#8220;{}&#8220;][et_pb_column type=&#8220;4_4&#8243; _builder_version=&#8220;4.23&#8243; _module_preset=&#8220;default&#8220; global_colors_info=&#8220;{}&#8220;][et_pb_text module_class=&#8220;styling_h2&#8243; _builder_version=&#8220;4.23.1&#8243; _module_preset=&#8220;default&#8220; max_width=&#8220;1100px&#8220; module_alignment=&#8220;left&#8220; custom_margin_tablet=&#8220;&#8220; custom_margin_phone=&#8220;60px||||false|false&#8220; custom_margin_last_edited=&#8220;on|phone&#8220; custom_css_free_form=&#8220; &#8220; global_colors_info=&#8220;{}&#8220;]<\/p>\n<h1>Sales-Team kontaktieren.<\/h1>\n<p>[\/et_pb_text][\/et_pb_column][\/et_pb_row][et_pb_row column_structure=&#8220;1_2,1_2&#8243; gutter_width=&#8220;2&#8243; _builder_version=&#8220;4.23.1&#8243; _module_preset=&#8220;default&#8220; custom_padding=&#8220;100px||100px||false|false&#8220; global_colors_info=&#8220;{}&#8220;][et_pb_column type=&#8220;1_2&#8243; _builder_version=&#8220;4.23.1&#8243; _module_preset=&#8220;default&#8220; border_color_all=&#8220;#D5D5EB&#8220; global_colors_info=&#8220;{}&#8220;][et_pb_image src=&#8220;https:\/\/loomobox.com\/wp-content\/uploads\/2023\/11\/Loomo_Box_Configurate_Stock_04.webp&#8220; title_text=&#8220;Loomo_Box_Configurate_Stock_04&#8243; _builder_version=&#8220;4.23.1&#8243; _module_preset=&#8220;default&#8220; custom_margin=&#8220;||50px|||&#8220; global_colors_info=&#8220;{}&#8220;][\/et_pb_image][et_pb_text module_class=&#8220;styling_h4&#8243; _builder_version=&#8220;4.24.0&#8243; _module_preset=&#8220;default&#8220; max_width=&#8220;700px&#8220; custom_margin=&#8220;||||false|false&#8220; global_colors_info=&#8220;{}&#8220;]<\/p>\n<h4>Ben\u00f6tigst du Hilfe von unseren Sales-Mitarbeiter:innen?<\/h4>\n<p>[\/et_pb_text][et_pb_text module_class=&#8220;styling_p&#8220; _builder_version=&#8220;4.23.2&#8243; _module_preset=&#8220;default&#8220; max_width=&#8220;700px&#8220; custom_margin=&#8220;||||false|false&#8220; global_colors_info=&#8220;{}&#8220;]<\/p>\n<p>Sprich mit unserem Sales-Team und erhalte die passende L\u00f6sung f\u00fcr deine speziellen Anforderungen. Wir stehen dir mit unserer Expertise zur Seite und zeigen dir, wie loomobox sich bestm\u00f6glich in deinen Arbeitsalltag einf\u00fcgt.<\/p>\n<p>[\/et_pb_text][\/et_pb_column][et_pb_column type=&#8220;1_2&#8243; _builder_version=&#8220;4.23.1&#8243; _module_preset=&#8220;default&#8220; background_color=&#8220;#F7F7FC&#8220; custom_padding=&#8220;25px|25px|25px|25px|true|true&#8220; border_radii=&#8220;on|8px|8px|8px|8px&#8220; border_width_all=&#8220;1px&#8220; border_color_all=&#8220;#D5D5EB&#8220; global_colors_info=&#8220;{}&#8220;][wpforms_selector form_id=&#8220;2345&#8243; _builder_version=&#8220;4.27.4&#8243; _module_preset=&#8220;default&#8220; hover_enabled=&#8220;0&#8243; global_colors_info=&#8220;{}&#8220; sticky_enabled=&#8220;0&#8243;][\/wpforms_selector][\/et_pb_column][\/et_pb_row][\/et_pb_section]<\/p>\n","protected":false},"excerpt":{"rendered":"<p>Sales-Team kontaktieren.Ben\u00f6tigst du Hilfe von unseren Sales-Mitarbeiter:innen?Sprich mit unserem Sales-Team und erhalte die passende L\u00f6sung f\u00fcr deine speziellen Anforderungen. Wir stehen dir mit unserer Expertise zur Seite und zeigen dir, wie loomobox sich bestm\u00f6glich in deinen Arbeitsalltag einf\u00fcgt.<div class=\"et_pb_module wpforms_selector wpforms_selector_0\">\n\t\t\t\t\n\t\t\t\t\n\t\t\t\t\n\t\t\t\t\n\t\t\t\t\n\t\t\t\t\n\t\t\t\t<div class=\"et_pb_module_inner\">\n\t\t\t\t\t<style id=\"wpforms-css-vars-2345\">\n\t\t\t\t#wpforms-2345 {\n\t\t\t\t\n\t\t\t}\n\t\t\t<\/style><div class=\"wpforms-container wpforms-container-full wpforms-render-modern\" id=\"wpforms-2345\"><form id=\"wpforms-form-2345\" class=\"wpforms-validate wpforms-form wpforms-ajax-form\" data-formid=\"2345\" method=\"post\" enctype=\"multipart\/form-data\" action=\"\/en\/wp-json\/wp\/v2\/pages\/1137\" data-token=\"662d19a304b36dcfebb5e53adb81e728\" data-token-time=\"1777540679\"><noscript class=\"wpforms-error-noscript\">Please enable JavaScript in your browser to complete this form.<\/noscript><div id=\"wpforms-error-noscript\" style=\"display: none;\">Please enable JavaScript in your browser to complete this form.<\/div><div class=\"wpforms-field-container\"><div id=\"wpforms-2345-field_1-container\" class=\"wpforms-field wpforms-field-name\" data-field-id=\"1\"><label class=\"wpforms-field-label\" for=\"wpforms-2345-field_1\">Dein Name <span class=\"wpforms-required-label\" aria-hidden=\"true\">*<\/span><\/label><input type=\"text\" id=\"wpforms-2345-field_1\" class=\"wpforms-field-large wpforms-field-required\" name=\"wpforms[fields][1]\" aria-errormessage=\"wpforms-2345-field_1-error\" required><\/div><div id=\"wpforms-2345-field_2-container\" class=\"wpforms-field wpforms-field-email\" data-field-id=\"2\"><label class=\"wpforms-field-label\" for=\"wpforms-2345-field_2\">E-Mail <span class=\"wpforms-required-label\" aria-hidden=\"true\">*<\/span><\/label><input type=\"email\" id=\"wpforms-2345-field_2\" class=\"wpforms-field-large wpforms-field-required\" name=\"wpforms[fields][2]\" spellcheck=\"false\" aria-errormessage=\"wpforms-2345-field_2-error\" required><\/div>\t\t<div id=\"wpforms-2345-field_3-container\"\n\t\t\tclass=\"wpforms-field wpforms-field-text\"\n\t\t\tdata-field-type=\"text\"\n\t\t\tdata-field-id=\"3\"\n\t\t\t>\n\t\t\t<label class=\"wpforms-field-label\" for=\"wpforms-2345-field_3\" >Unternehmen Anliegen Name<\/label>\n\t\t\t<input type=\"text\" id=\"wpforms-2345-field_3\" class=\"wpforms-field-medium\" name=\"wpforms[fields][3]\" >\n\t\t<\/div>\n\t\t<div id=\"wpforms-2345-field_4-container\" class=\"wpforms-field wpforms-field-text\" data-field-id=\"4\"><label class=\"wpforms-field-label\" for=\"wpforms-2345-field_4\">Unternehmen <span class=\"wpforms-required-label\" aria-hidden=\"true\">*<\/span><\/label><input type=\"text\" id=\"wpforms-2345-field_4\" class=\"wpforms-field-large wpforms-field-required\" name=\"wpforms[fields][4]\" aria-errormessage=\"wpforms-2345-field_4-error\" required><\/div><div id=\"wpforms-2345-field_5-container\" class=\"wpforms-field wpforms-field-text\" data-field-id=\"5\"><label class=\"wpforms-field-label\" for=\"wpforms-2345-field_5\">Position <span class=\"wpforms-required-label\" aria-hidden=\"true\">*<\/span><\/label><input type=\"text\" id=\"wpforms-2345-field_5\" class=\"wpforms-field-large wpforms-field-required\" name=\"wpforms[fields][5]\" aria-errormessage=\"wpforms-2345-field_5-error\" required><\/div><div id=\"wpforms-2345-field_7-container\" class=\"wpforms-field wpforms-field-select wpforms-field-select-style-modern\" data-field-id=\"7\"><label class=\"wpforms-field-label\" for=\"wpforms-2345-field_7\">Dein Anliegen <span class=\"wpforms-required-label\" aria-hidden=\"true\">*<\/span><\/label><select id=\"wpforms-2345-field_7\" class=\"wpforms-field-large wpforms-field-required choicesjs-select\" data-size-class=\"wpforms-field-row wpforms-field-large\" data-search-enabled=\"\" name=\"wpforms[fields][7]\" required=\"required\"><option value=\"\" class=\"placeholder\" disabled  selected='selected'>Bitte w\u00e4hle ...<\/option><option value=\"Produkt Demo\"  class=\"choice-1 depth-1\"  >Produkt Demo<\/option><option value=\"Angebot\"  class=\"choice-2 depth-1\"  >Angebot<\/option><option value=\"Informationen zu loomobox\"  class=\"choice-3 depth-1\"  >Informationen zu loomobox<\/option><option value=\"Fragen zu deinem bestehenden Vertrag\"  class=\"choice-4 depth-1\"  >Fragen zu deinem bestehenden Vertrag<\/option><option value=\"Anderes\"  class=\"choice-5 depth-1\"  >Anderes<\/option><\/select><\/div><div id=\"wpforms-2345-field_9-container\" class=\"wpforms-field wpforms-field-checkbox\" data-field-id=\"9\"><fieldset><legend class=\"wpforms-field-label\">Datenschutzerkl\u00e4rung <span class=\"wpforms-required-label\" aria-hidden=\"true\">*<\/span><\/legend><ul id=\"wpforms-2345-field_9\" class=\"wpforms-field-required\"><li class=\"choice-1 depth-1\"><input type=\"checkbox\" id=\"wpforms-2345-field_9_1\" name=\"wpforms[fields][9][]\" value=\"Ich erkl\u00e4re mich hiermit mit den &lt;a href=&quot;https:\/\/loomobox.com\/de\/privacy\/&quot;&gt;Datenschutzbestimmungen&lt;\/a&gt; von loomobox einverstanden.\" aria-errormessage=\"wpforms-2345-field_9_1-error\" required ><label class=\"wpforms-field-label-inline\" for=\"wpforms-2345-field_9_1\">Ich erkl\u00e4re mich hiermit mit den <a href=\"https:\/\/loomobox.com\/de\/privacy\/\">Datenschutzbestimmungen<\/a> von loomobox einverstanden.<\/label><\/li><\/ul><\/fieldset><\/div><script>\n\t\t\t\t( function() {\n\t\t\t\t\tconst style = document.createElement( 'style' );\n\t\t\t\t\tstyle.appendChild( document.createTextNode( '#wpforms-2345-field_3-container { position: absolute !important; overflow: hidden !important; display: inline !important; height: 1px !important; width: 1px !important; z-index: -1000 !important; padding: 0 !important; } #wpforms-2345-field_3-container input { visibility: hidden; } #wpforms-conversational-form-page #wpforms-2345-field_3-container label { counter-increment: none; }' ) );\n\t\t\t\t\tdocument.head.appendChild( style );\n\t\t\t\t\tdocument.currentScript?.remove();\n\t\t\t\t} )();\n\t\t\t<\/script><\/div><!-- .wpforms-field-container --><div class=\"wpforms-recaptcha-container wpforms-is-recaptcha wpforms-is-recaptcha-type-v3\" ><input type=\"hidden\" name=\"wpforms[recaptcha]\" value=\"\"><\/div><div class=\"wpforms-submit-container\" ><input type=\"hidden\" name=\"wpforms[id]\" value=\"2345\"><input type=\"hidden\" name=\"page_title\" value=\"\"><input type=\"hidden\" name=\"page_url\" value=\"https:\/\/loomobox.com\/en\/wp-json\/wp\/v2\/pages\/1137\"><input type=\"hidden\" name=\"url_referer\" value=\"\"><button type=\"submit\" name=\"wpforms[submit]\" id=\"wpforms-submit-2345\" class=\"wpforms-submit et_pb_button\" data-alt-text=\"Sendet\u2026\" data-submit-text=\"senden\" aria-live=\"assertive\" value=\"wpforms-submit\">senden<\/button><img loading=\"lazy\" decoding=\"async\" src=\"https:\/\/loomobox.com\/wp-content\/plugins\/wpforms-lite\/assets\/images\/submit-spin.svg\" class=\"wpforms-submit-spinner\" style=\"display: none;\" width=\"26\" height=\"26\" alt=\"Loading\"><\/div><\/form><\/div>  <!-- .wpforms-container -->\n\t\t\t\t<\/div>\n\t\t\t<\/div><\/p>\n","protected":false},"author":1,"featured_media":1669,"parent":1123,"menu_order":0,"comment_status":"closed","ping_status":"closed","template":"","meta":{"_et_pb_use_builder":"on","_et_pb_old_content":"","_et_gb_content_width":"","footnotes":""},"class_list":["post-1137","page","type-page","status-publish","has-post-thumbnail","hentry"],"aioseo_notices":[],"_links":{"self":[{"href":"https:\/\/loomobox.com\/en\/wp-json\/wp\/v2\/pages\/1137","targetHints":{"allow":["GET"]}}],"collection":[{"href":"https:\/\/loomobox.com\/en\/wp-json\/wp\/v2\/pages"}],"about":[{"href":"https:\/\/loomobox.com\/en\/wp-json\/wp\/v2\/types\/page"}],"author":[{"embeddable":true,"href":"https:\/\/loomobox.com\/en\/wp-json\/wp\/v2\/users\/1"}],"replies":[{"embeddable":true,"href":"https:\/\/loomobox.com\/en\/wp-json\/wp\/v2\/comments?post=1137"}],"version-history":[{"count":15,"href":"https:\/\/loomobox.com\/en\/wp-json\/wp\/v2\/pages\/1137\/revisions"}],"predecessor-version":[{"id":2362,"href":"https:\/\/loomobox.com\/en\/wp-json\/wp\/v2\/pages\/1137\/revisions\/2362"}],"up":[{"embeddable":true,"href":"https:\/\/loomobox.com\/en\/wp-json\/wp\/v2\/pages\/1123"}],"wp:featuredmedia":[{"embeddable":true,"href":"https:\/\/loomobox.com\/en\/wp-json\/wp\/v2\/media\/1669"}],"wp:attachment":[{"href":"https:\/\/loomobox.com\/en\/wp-json\/wp\/v2\/media?parent=1137"}],"curies":[{"name":"wp","href":"https:\/\/api.w.org\/{rel}","templated":true}]}}