{"id":1123,"date":"2023-12-19T11:54:05","date_gmt":"2023-12-19T11:54:05","guid":{"rendered":"https:\/\/loomobox.com\/?page_id=1123"},"modified":"2025-07-02T14:55:49","modified_gmt":"2025-07-02T13:55:49","slug":"help","status":"publish","type":"page","link":"https:\/\/loomobox.com\/en\/hilfe\/","title":{"rendered":"Hilfe"},"content":{"rendered":"<p>[et_pb_section fb_built=&#8220;1&#8243; _builder_version=&#8220;4.23.1&#8243; _module_preset=&#8220;default&#8220; locked=&#8220;off&#8220; global_colors_info=&#8220;{}&#8220;][et_pb_row _builder_version=&#8220;4.23.1&#8243; _module_preset=&#8220;default&#8220; custom_padding=&#8220;100px||16px||false|false&#8220; custom_padding_phone=&#8220;60px||0px||false|false&#8220; global_colors_info=&#8220;{}&#8220;][et_pb_column type=&#8220;4_4&#8243; _builder_version=&#8220;4.23&#8243; _module_preset=&#8220;default&#8220; global_colors_info=&#8220;{}&#8220;][et_pb_text module_class=&#8220;styling_h2&#8243; _builder_version=&#8220;4.23.1&#8243; _module_preset=&#8220;default&#8220; max_width=&#8220;1100px&#8220; module_alignment=&#8220;left&#8220; custom_margin_tablet=&#8220;&#8220; custom_margin_phone=&#8220;60px||||false|false&#8220; custom_margin_last_edited=&#8220;on|phone&#8220; custom_css_free_form=&#8220; &#8220; global_colors_info=&#8220;{}&#8220;]<\/p>\n<h1>Wir sind <span style=\"color: #76729b;\">f\u00fcr dich <\/span>da.<\/h1>\n<p>[\/et_pb_text][et_pb_text _builder_version=&#8220;4.27.4&#8243; _module_preset=&#8220;default&#8220; max_width=&#8220;700px&#8220; custom_margin=&#8220;1px||20px||false|false&#8220; hover_enabled=&#8220;0&#8243; global_colors_info=&#8220;{}&#8220; sticky_enabled=&#8220;0&#8243;]<\/p>\n<p>Hast du Fragen oder ben\u00f6tigst Hilfe? Dann melde dich gern bei uns. Wir helfen dir so schnell wie m\u00f6glich mit deinem Anliegen und beantworten deine Fragen.<\/p>\n<p>[\/et_pb_text][\/et_pb_column][\/et_pb_row][et_pb_row column_structure=&#8220;1_3,1_3,1_3&#8243; gutter_width=&#8220;2&#8243; _builder_version=&#8220;4.24.0&#8243; _module_preset=&#8220;default&#8220; global_colors_info=&#8220;{}&#8220;][et_pb_column type=&#8220;1_3&#8243; _builder_version=&#8220;4.24.0&#8243; _module_preset=&#8220;default&#8220; background_color=&#8220;#F7F7FC&#8220; custom_padding=&#8220;25px|25px|25px|25px|true|true&#8220; filter_opacity=&#8220;60%&#8220; border_radii=&#8220;on|8px|8px|8px|8px&#8220; border_width_all=&#8220;1px&#8220; border_color_all=&#8220;#D5D5EB&#8220; global_colors_info=&#8220;{}&#8220;][et_pb_blurb title=&#8220;FAQ &#038; Anleitungen&#8220; image=&#8220;https:\/\/loomobox.com\/wp-content\/uploads\/2023\/12\/loomobox_icon_speach_bulb_01.webp&#8220; icon_placement=&#8220;top&#8220; image_icon_width=&#8220;70px&#8220; icon_alignment=&#8220;left&#8220; _builder_version=&#8220;4.24.0&#8243; _module_preset=&#8220;default&#8220; header_text_align=&#8220;left&#8220; header_text_color=&#8220;#0E1131&#8243; header_font_size=&#8220;20px&#8220; header_line_height=&#8220;28px&#8220; body_font=&#8220;Nunito Sans||||||||&#8220; body_text_align=&#8220;left&#8220; body_text_color=&#8220;#76729B&#8220; body_font_size=&#8220;20px&#8220; body_line_height=&#8220;28px&#8220; module_alignment=&#8220;left&#8220; custom_margin=&#8220;0px||0px||true|false&#8220; custom_padding=&#8220;0px||0px||true|true&#8220; custom_css_blurb_title=&#8220;margin-bottom: 15px&#8220; border_color_all=&#8220;RGBA(255,255,255,0)&#8220; locked=&#8220;off&#8220; global_colors_info=&#8220;{}&#8220;]<\/p>\n<p>Durchsuche unseren Wissens-Hub und finde die Antwort auf deine Frage. Alles rund um loomobox.<\/p>\n<p>[\/et_pb_blurb][et_pb_text module_class=&#8220;styling_p&#8220; _builder_version=&#8220;4.24.0&#8243; _module_preset=&#8220;default&#8220; text_text_color=&#8220;#2D2B9B&#8220; locked=&#8220;off&#8220; global_colors_info=&#8220;{}&#8220;]<\/p>\n<p>In K\u00fcrze verf\u00fcgbar.<\/p>\n<p>[\/et_pb_text][\/et_pb_column][et_pb_column type=&#8220;1_3&#8243; _builder_version=&#8220;4.23.1&#8243; _module_preset=&#8220;default&#8220; background_color=&#8220;#F7F7FC&#8220; custom_padding=&#8220;25px|25px|25px|25px|true|true&#8220; border_radii=&#8220;on|8px|8px|8px|8px&#8220; border_width_all=&#8220;1px&#8220; border_color_all=&#8220;#D5D5EB&#8220; global_colors_info=&#8220;{}&#8220;][et_pb_blurb title=&#8220;Sales kontaktieren&#8220; image=&#8220;https:\/\/loomobox.com\/wp-content\/uploads\/2023\/12\/Icon_handshake_01.webp&#8220; icon_placement=&#8220;top&#8220; image_icon_width=&#8220;70px&#8220; icon_alignment=&#8220;left&#8220; _builder_version=&#8220;4.23.2&#8243; _module_preset=&#8220;default&#8220; header_text_align=&#8220;left&#8220; header_text_color=&#8220;#0E1131&#8243; header_font_size=&#8220;20px&#8220; header_line_height=&#8220;28px&#8220; body_font=&#8220;Nunito Sans||||||||&#8220; body_text_align=&#8220;left&#8220; body_text_color=&#8220;#76729B&#8220; body_font_size=&#8220;20px&#8220; body_line_height=&#8220;28px&#8220; module_alignment=&#8220;left&#8220; custom_margin=&#8220;0px||0px||true|false&#8220; custom_padding=&#8220;0px||0px||true|true&#8220; custom_css_blurb_title=&#8220;margin-bottom: 15px&#8220; border_color_all=&#8220;RGBA(255,255,255,0)&#8220; locked=&#8220;off&#8220; global_colors_info=&#8220;{}&#8220;]<\/p>\n<p>Sprich mit unserem Sales-Team und erhalte die passende L\u00f6sung f\u00fcr deine speziellen Anforderungen.<\/p>\n<p>[\/et_pb_blurb][et_pb_text module_class=&#8220;styling_p&#8220; _builder_version=&#8220;4.23.2&#8243; _dynamic_attributes=&#8220;link_option_url&#8220; _module_preset=&#8220;default&#8220; text_text_color=&#8220;#2D2B9B&#8220; link_option_url=&#8220;@ET-DC@eyJkeW5hbWljIjp0cnVlLCJjb250ZW50IjoicG9zdF9saW5rX3VybF9wYWdlIiwic2V0dGluZ3MiOnsicG9zdF9pZCI6IjExMzcifX0=@&#8220; locked=&#8220;off&#8220; global_colors_info=&#8220;{}&#8220;]<\/p>\n<p>mehr erfahren &gt;<\/p>\n<p>[\/et_pb_text][\/et_pb_column][et_pb_column type=&#8220;1_3&#8243; _builder_version=&#8220;4.23.1&#8243; _module_preset=&#8220;default&#8220; background_color=&#8220;#F7F7FC&#8220; custom_padding=&#8220;25px|25px|25px|25px|true|true&#8220; border_radii=&#8220;on|8px|8px|8px|8px&#8220; border_width_all=&#8220;1px&#8220; border_color_all=&#8220;#D5D5EB&#8220; global_colors_info=&#8220;{}&#8220;][et_pb_blurb title=&#8220;Kundendienst kontaktieren&#8220; image=&#8220;https:\/\/loomobox.com\/wp-content\/uploads\/2023\/12\/loomobox_icon_speach_bubble_01.webp&#8220; icon_placement=&#8220;top&#8220; image_icon_width=&#8220;70px&#8220; icon_alignment=&#8220;left&#8220; _builder_version=&#8220;4.23.2&#8243; _module_preset=&#8220;default&#8220; header_text_align=&#8220;left&#8220; header_text_color=&#8220;#0E1131&#8243; header_font_size=&#8220;20px&#8220; header_line_height=&#8220;28px&#8220; body_font=&#8220;Nunito Sans||||||||&#8220; body_text_align=&#8220;left&#8220; body_text_color=&#8220;#76729B&#8220; body_font_size=&#8220;20px&#8220; body_line_height=&#8220;28px&#8220; module_alignment=&#8220;left&#8220; custom_margin=&#8220;0px||0px||true|false&#8220; custom_padding=&#8220;0px||0px||true|true&#8220; custom_css_blurb_title=&#8220;margin-bottom: 15px&#8220; border_color_all=&#8220;RGBA(255,255,255,0)&#8220; locked=&#8220;off&#8220; global_colors_info=&#8220;{}&#8220;]<\/p>\n<p>Melde dich bei uns, wenn du Fragen zu deinem Account, deinem Abo, oder loomobox hast.<\/p>\n<p>[\/et_pb_blurb][et_pb_text module_class=&#8220;styling_p&#8220; _builder_version=&#8220;4.23.2&#8243; _dynamic_attributes=&#8220;link_option_url&#8220; _module_preset=&#8220;default&#8220; text_text_color=&#8220;#2D2B9B&#8220; link_option_url=&#8220;@ET-DC@eyJkeW5hbWljIjp0cnVlLCJjb250ZW50IjoicG9zdF9saW5rX3VybF9wYWdlIiwic2V0dGluZ3MiOnsicG9zdF9pZCI6IjExMzkifX0=@&#8220; locked=&#8220;off&#8220; global_colors_info=&#8220;{}&#8220;]<\/p>\n<p>mehr erfahren &gt;<\/p>\n<p>[\/et_pb_text][\/et_pb_column][\/et_pb_row][et_pb_row column_structure=&#8220;1_2,1_2&#8243; _builder_version=&#8220;4.23.1&#8243; _module_preset=&#8220;default&#8220; custom_padding=&#8220;100px||0px||false|false&#8220; global_colors_info=&#8220;{}&#8220;][et_pb_column type=&#8220;1_2&#8243; _builder_version=&#8220;4.23.1&#8243; _module_preset=&#8220;default&#8220; global_colors_info=&#8220;{}&#8220;][et_pb_text module_class=&#8220;styling_h2&#8243; _builder_version=&#8220;4.23.1&#8243; _module_preset=&#8220;default&#8220; global_colors_info=&#8220;{}&#8220;]<\/p>\n<h2>Lass uns vernetzen!<\/h2>\n<p>[\/et_pb_text][\/et_pb_column][et_pb_column type=&#8220;1_2&#8243; _builder_version=&#8220;4.23.1&#8243; _module_preset=&#8220;default&#8220; global_colors_info=&#8220;{}&#8220;][et_pb_social_media_follow icon_color=&#8220;#FFFFFF&#8220; use_icon_font_size=&#8220;on&#8220; icon_font_size=&#8220;26px&#8220; _builder_version=&#8220;4.24.0&#8243; _module_preset=&#8220;default&#8220; text_orientation=&#8220;right&#8220; text_orientation_tablet=&#8220;left&#8220; text_orientation_phone=&#8220;left&#8220; text_orientation_last_edited=&#8220;on|tablet&#8220; border_radii=&#8220;on|8px|8px|8px|8px&#8220; global_colors_info=&#8220;{}&#8220;][et_pb_social_media_follow_network social_network=&#8220;linkedin&#8220; url=&#8220;https:\/\/www.linkedin.com\/company\/loomobox&#8220; _builder_version=&#8220;4.23.1&#8243; _module_preset=&#8220;default&#8220; background_color=&#8220;#0E1131&#8243; background_enable_color=&#8220;on&#8220; global_colors_info=&#8220;{}&#8220; background_enable_color__hover=&#8220;on&#8220; background__hover_enabled=&#8220;on|desktop&#8220; background_color__hover=&#8220;#2D2B9B&#8220; follow_button=&#8220;off&#8220; url_new_window=&#8220;on&#8220;]linkedin[\/et_pb_social_media_follow_network][et_pb_social_media_follow_network social_network=&#8220;instagram&#8220; url=&#8220;https:\/\/www.instagram.com\/loomobox\/&#8220; _builder_version=&#8220;4.23.1&#8243; _module_preset=&#8220;default&#8220; background_color=&#8220;#0E1131&#8243; background_enable_color=&#8220;on&#8220; global_colors_info=&#8220;{}&#8220; background__hover_enabled=&#8220;on|desktop&#8220; background_color__hover=&#8220;#2D2B9B&#8220; background_enable_color__hover=&#8220;on&#8220; follow_button=&#8220;off&#8220; url_new_window=&#8220;on&#8220;]instagram[\/et_pb_social_media_follow_network][et_pb_social_media_follow_network social_network=&#8220;pinterest&#8220; url=&#8220;https:\/\/www.pinterest.at\/loomobox&#8220; _builder_version=&#8220;4.23.1&#8243; _module_preset=&#8220;default&#8220; background_color=&#8220;#0E1131&#8243; background_enable_color=&#8220;on&#8220; global_colors_info=&#8220;{}&#8220; background_enable_color__hover=&#8220;on&#8220; background__hover_enabled=&#8220;on|desktop&#8220; background_color__hover=&#8220;#2D2B9B&#8220; follow_button=&#8220;off&#8220; url_new_window=&#8220;on&#8220;]pinterest[\/et_pb_social_media_follow_network][\/et_pb_social_media_follow][\/et_pb_column][\/et_pb_row][\/et_pb_section]<\/p>\n","protected":false},"excerpt":{"rendered":"<p>Wir sind f\u00fcr dich da.Hast du Fragen oder ben\u00f6tigst Hilfe? Dann melde dich gern bei uns. Wir helfen dir so schnell wie m\u00f6glich mit deinem Anliegen und beantworten deine Fragen.Durchsuche unseren Wissens-Hub und finde die Antwort auf deine Frage. Alles rund um loomobox.In K\u00fcrze verf\u00fcgbar.Sprich mit unserem Sales-Team und erhalte die passende L\u00f6sung f\u00fcr deine [&hellip;]<\/p>\n","protected":false},"author":1,"featured_media":1669,"parent":0,"menu_order":0,"comment_status":"closed","ping_status":"closed","template":"","meta":{"_et_pb_use_builder":"on","_et_pb_old_content":"","_et_gb_content_width":"","footnotes":""},"class_list":["post-1123","page","type-page","status-publish","has-post-thumbnail","hentry"],"aioseo_notices":[],"_links":{"self":[{"href":"https:\/\/loomobox.com\/en\/wp-json\/wp\/v2\/pages\/1123","targetHints":{"allow":["GET"]}}],"collection":[{"href":"https:\/\/loomobox.com\/en\/wp-json\/wp\/v2\/pages"}],"about":[{"href":"https:\/\/loomobox.com\/en\/wp-json\/wp\/v2\/types\/page"}],"author":[{"embeddable":true,"href":"https:\/\/loomobox.com\/en\/wp-json\/wp\/v2\/users\/1"}],"replies":[{"embeddable":true,"href":"https:\/\/loomobox.com\/en\/wp-json\/wp\/v2\/comments?post=1123"}],"version-history":[{"count":2,"href":"https:\/\/loomobox.com\/en\/wp-json\/wp\/v2\/pages\/1123\/revisions"}],"predecessor-version":[{"id":3198,"href":"https:\/\/loomobox.com\/en\/wp-json\/wp\/v2\/pages\/1123\/revisions\/3198"}],"wp:featuredmedia":[{"embeddable":true,"href":"https:\/\/loomobox.com\/en\/wp-json\/wp\/v2\/media\/1669"}],"wp:attachment":[{"href":"https:\/\/loomobox.com\/en\/wp-json\/wp\/v2\/media?parent=1123"}],"curies":[{"name":"wp","href":"https:\/\/api.w.org\/{rel}","templated":true}]}}