{"id":1819,"date":"2024-03-13T14:55:01","date_gmt":"2024-03-13T14:55:01","guid":{"rendered":"https:\/\/loomobox.com\/?page_id=1819"},"modified":"2024-03-13T14:56:18","modified_gmt":"2024-03-13T14:56:18","slug":"press","status":"publish","type":"page","link":"https:\/\/loomobox.com\/de\/press\/","title":{"rendered":"Presse"},"content":{"rendered":"<p>[et_pb_section fb_built=&#8220;1&#8243; _builder_version=&#8220;4.23.1&#8243; _module_preset=&#8220;default&#8220; locked=&#8220;off&#8220; global_colors_info=&#8220;{}&#8220;][et_pb_row _builder_version=&#8220;4.24.2&#8243; _module_preset=&#8220;default&#8220; custom_padding=&#8220;100px||0px||false|false&#8220; custom_padding_phone=&#8220;120px||20px||false|false&#8220; global_colors_info=&#8220;{}&#8220;][et_pb_column type=&#8220;4_4&#8243; _builder_version=&#8220;4.24.2&#8243; _module_preset=&#8220;default&#8220; global_colors_info=&#8220;{}&#8220;][et_pb_text module_class=&#8220;styling_h1&#8243; _builder_version=&#8220;4.24.2&#8243; _module_preset=&#8220;default&#8220; custom_margin=&#8220;||73px|||&#8220; global_colors_info=&#8220;{}&#8220;]<\/p>\n<h1>loomobox <span style=\"color: #76729b;\">Presse<\/span><\/h1>\n<p>[\/et_pb_text][\/et_pb_column][\/et_pb_row][\/et_pb_section][et_pb_section fb_built=&#8220;1&#8243; _builder_version=&#8220;4.23.1&#8243; _module_preset=&#8220;default&#8220; background_color=&#8220;#F7F7FC&#8220; locked=&#8220;off&#8220; global_colors_info=&#8220;{}&#8220;][et_pb_row column_structure=&#8220;1_2,1_2&#8243; _builder_version=&#8220;4.24.0&#8243; _module_preset=&#8220;default&#8220; custom_padding_phone=&#8220;0px||60px||false|false&#8220; global_colors_info=&#8220;{}&#8220;][et_pb_column type=&#8220;1_2&#8243; _builder_version=&#8220;4.23.1&#8243; _module_preset=&#8220;default&#8220; global_colors_info=&#8220;{}&#8220;][et_pb_text module_class=&#8220;styling_h3&#8243; _builder_version=&#8220;4.24.2&#8243; _module_preset=&#8220;default&#8220; global_colors_info=&#8220;{}&#8220;]<\/p>\n<h3>\u00dcber loomobox.<\/h3>\n<p>[\/et_pb_text][et_pb_text module_class=&#8220;styling_p&#8220; _builder_version=&#8220;4.24.2&#8243; _module_preset=&#8220;default&#8220; global_colors_info=&#8220;{}&#8220;]<\/p>\n<p>loomobox ist ein innovatives SaaS Start-up, das die Art und Weise revolutioniert, wie Unternehmen Produktbilder und -videos erstellen. Mit einer effizienten und benutzerfreundlichen Online-L\u00f6sung erm\u00f6glicht es loomobox ihren Usern, ohne notwendige Fachkenntnisse professionellen Content f\u00fcr ihre Produkte zu gestalten.<\/p>\n<p>Unser Ziel bei loomobox ist es, den traditionellen Content-Erstellungsprozess zu revolutionieren und radikal zu vereinfachen. Wir wollen jedem Unternehmen den Zugang zu professionellem Content erm\u00f6glichen.<\/p>\n<p>loomobox steht f\u00fcr Innovation, Qualit\u00e4t und Benutzerfreundlichkeit \u2013 wir helfen Brands dabei, dass ihr Produkte gesehen werden.<\/p>\n<p>[\/et_pb_text][\/et_pb_column][et_pb_column type=&#8220;1_2&#8243; _builder_version=&#8220;4.23.1&#8243; _module_preset=&#8220;default&#8220; global_colors_info=&#8220;{}&#8220;][et_pb_image src=&#8220;http:\/\/loomobox.com\/wp-content\/uploads\/2024\/03\/loomobox_team_01.webp&#8220; title_text=&#8220;loomobox_team_01&#8243; _builder_version=&#8220;4.24.2&#8243; _module_preset=&#8220;default&#8220; max_width=&#8220;700px&#8220; module_alignment=&#8220;left&#8220; global_colors_info=&#8220;{}&#8220;][\/et_pb_image][\/et_pb_column][\/et_pb_row][\/et_pb_section][et_pb_section fb_built=&#8220;1&#8243; _builder_version=&#8220;4.23.1&#8243; _module_preset=&#8220;default&#8220; locked=&#8220;off&#8220; global_colors_info=&#8220;{}&#8220;][et_pb_row _builder_version=&#8220;4.24.0&#8243; _module_preset=&#8220;default&#8220; custom_padding=&#8220;100px||0px||false|false&#8220; custom_padding_phone=&#8220;20px||0px||false|false&#8220; global_colors_info=&#8220;{}&#8220;][et_pb_column type=&#8220;4_4&#8243; _builder_version=&#8220;4.23.1&#8243; _module_preset=&#8220;default&#8220; global_colors_info=&#8220;{}&#8220;][et_pb_text module_class=&#8220;styling_h2&#8243; _builder_version=&#8220;4.24.2&#8243; _module_preset=&#8220;default&#8220; global_colors_info=&#8220;{}&#8220;]<\/p>\n<h2>Presse Kit<\/h2>\n<p>[\/et_pb_text][\/et_pb_column][\/et_pb_row][et_pb_row column_structure=&#8220;1_3,1_3,1_3&#8243; _builder_version=&#8220;4.24.0&#8243; _module_preset=&#8220;default&#8220; custom_padding=&#8220;100px||50px||false|false&#8220; custom_padding_phone=&#8220;20px||0px||false|false&#8220; global_colors_info=&#8220;{}&#8220;][et_pb_column type=&#8220;1_3&#8243; _builder_version=&#8220;4.23.1&#8243; _module_preset=&#8220;default&#8220; global_colors_info=&#8220;{}&#8220;][et_pb_image src=&#8220;http:\/\/loomobox.com\/wp-content\/uploads\/2024\/03\/press_previmg_logo_02.webp&#8220; title_text=&#8220;press_previmg_logo_02&#8243; url=&#8220;http:\/\/loomobox.com\/wp-content\/uploads\/2024\/03\/loomobox_logo.zip&#8220; url_new_window=&#8220;on&#8220; show_bottom_space=&#8220;off&#8220; _builder_version=&#8220;4.24.2&#8243; _module_preset=&#8220;default&#8220; custom_margin=&#8220;||30px||false|false&#8220; custom_margin_tablet=&#8220;||30px||false|false&#8220; custom_margin_phone=&#8220;10px||30px||false|false&#8220; custom_margin_last_edited=&#8220;on|phone&#8220; global_colors_info=&#8220;{}&#8220;][\/et_pb_image][et_pb_text _builder_version=&#8220;4.24.2&#8243; _module_preset=&#8220;default&#8220; custom_margin=&#8220;||7px||false|false&#8220; link_option_url=&#8220;http:\/\/loomobox.com\/wp-content\/uploads\/2024\/03\/loomobox_logo.zip&#8220; link_option_url_new_window=&#8220;on&#8220; global_colors_info=&#8220;{}&#8220;]<\/p>\n<h4>Logo<\/h4>\n<p>[\/et_pb_text][et_pb_text _builder_version=&#8220;4.24.2&#8243; _module_preset=&#8220;default&#8220; text_text_color=&#8220;#76729B&#8220; custom_margin=&#8220;0px||||false|false&#8220; custom_padding=&#8220;0px||||false|false&#8220; link_option_url=&#8220;http:\/\/loomobox.com\/wp-content\/uploads\/2024\/03\/loomobox_logo.zip&#8220; link_option_url_new_window=&#8220;on&#8220; global_colors_info=&#8220;{}&#8220;]<\/p>\n<p>1 MB<\/p>\n<p>[\/et_pb_text][\/et_pb_column][et_pb_column type=&#8220;1_3&#8243; _builder_version=&#8220;4.23.1&#8243; _module_preset=&#8220;default&#8220; global_colors_info=&#8220;{}&#8220;][et_pb_image src=&#8220;http:\/\/loomobox.com\/wp-content\/uploads\/2024\/03\/press_previmg_app_images_01.webp&#8220; title_text=&#8220;press_previmg_app_images_01&#8243; url=&#8220;http:\/\/loomobox.com\/wp-content\/uploads\/2024\/03\/loomobox_app_images.zip&#8220; url_new_window=&#8220;on&#8220; show_bottom_space=&#8220;off&#8220; _builder_version=&#8220;4.24.2&#8243; _module_preset=&#8220;default&#8220; custom_margin=&#8220;||30px||false|false&#8220; custom_margin_tablet=&#8220;||30px||false|false&#8220; custom_margin_phone=&#8220;50px||30px||false|false&#8220; custom_margin_last_edited=&#8220;on|phone&#8220; global_colors_info=&#8220;{}&#8220;][\/et_pb_image][et_pb_text _builder_version=&#8220;4.24.2&#8243; _module_preset=&#8220;default&#8220; custom_margin=&#8220;||7px||false|false&#8220; link_option_url=&#8220;http:\/\/loomobox.com\/wp-content\/uploads\/2024\/03\/loomobox_app_images.zip&#8220; link_option_url_new_window=&#8220;on&#8220; global_colors_info=&#8220;{}&#8220;]<\/p>\n<h4>App Bilder<\/h4>\n<p>[\/et_pb_text][et_pb_text _builder_version=&#8220;4.24.2&#8243; _module_preset=&#8220;default&#8220; text_text_color=&#8220;#76729B&#8220; custom_margin=&#8220;0px||||false|false&#8220; custom_padding=&#8220;0px||||false|false&#8220; link_option_url=&#8220;http:\/\/loomobox.com\/wp-content\/uploads\/2024\/03\/loomobox_app_images.zip&#8220; link_option_url_new_window=&#8220;on&#8220; global_colors_info=&#8220;{}&#8220;]<\/p>\n<p>12 MB<\/p>\n<p>[\/et_pb_text][\/et_pb_column][et_pb_column type=&#8220;1_3&#8243; _builder_version=&#8220;4.23.1&#8243; _module_preset=&#8220;default&#8220; global_colors_info=&#8220;{}&#8220;][et_pb_image src=&#8220;http:\/\/loomobox.com\/wp-content\/uploads\/2024\/03\/press_previmg_product_images_02.webp&#8220; title_text=&#8220;press_previmg_product_images_02&#8243; url=&#8220;http:\/\/loomobox.com\/wp-content\/uploads\/2024\/03\/loomobox_example_product_images.zip&#8220; url_new_window=&#8220;on&#8220; show_bottom_space=&#8220;off&#8220; _builder_version=&#8220;4.24.2&#8243; _module_preset=&#8220;default&#8220; custom_margin=&#8220;||30px||false|false&#8220; custom_margin_tablet=&#8220;||30px||false|false&#8220; custom_margin_phone=&#8220;50px||30px||false|false&#8220; custom_margin_last_edited=&#8220;on|phone&#8220; global_colors_info=&#8220;{}&#8220;][\/et_pb_image][et_pb_text _builder_version=&#8220;4.24.2&#8243; _module_preset=&#8220;default&#8220; custom_margin=&#8220;||7px||false|false&#8220; link_option_url=&#8220;http:\/\/loomobox.com\/wp-content\/uploads\/2024\/03\/loomobox_example_product_images.zip&#8220; link_option_url_new_window=&#8220;on&#8220; global_colors_info=&#8220;{}&#8220;]<\/p>\n<h4>Beispiel Produktbilder<\/h4>\n<p>[\/et_pb_text][et_pb_text _builder_version=&#8220;4.24.2&#8243; _module_preset=&#8220;default&#8220; text_text_color=&#8220;#76729B&#8220; custom_margin=&#8220;0px||||false|false&#8220; custom_padding=&#8220;0px||||false|false&#8220; link_option_url=&#8220;http:\/\/loomobox.com\/wp-content\/uploads\/2024\/03\/loomobox_example_product_images.zip&#8220; link_option_url_new_window=&#8220;on&#8220; global_colors_info=&#8220;{}&#8220;]<\/p>\n<p>14 MB<\/p>\n<p>[\/et_pb_text][\/et_pb_column][\/et_pb_row][et_pb_row column_structure=&#8220;1_3,1_3,1_3&#8243; _builder_version=&#8220;4.24.0&#8243; _module_preset=&#8220;default&#8220; custom_padding=&#8220;100px||50px||false|false&#8220; custom_padding_phone=&#8220;20px||0px||false|false&#8220; global_colors_info=&#8220;{}&#8220;][et_pb_column type=&#8220;1_3&#8243; _builder_version=&#8220;4.23.1&#8243; _module_preset=&#8220;default&#8220; global_colors_info=&#8220;{}&#8220;][et_pb_image src=&#8220;http:\/\/loomobox.com\/wp-content\/uploads\/2024\/03\/press_previmg_founder_01.webp&#8220; title_text=&#8220;press_previmg_founder_01&#8243; url=&#8220;http:\/\/loomobox.com\/wp-content\/uploads\/2024\/03\/loomobox_founder.zip&#8220; url_new_window=&#8220;on&#8220; show_bottom_space=&#8220;off&#8220; _builder_version=&#8220;4.24.2&#8243; _module_preset=&#8220;default&#8220; custom_margin=&#8220;||30px||false|false&#8220; custom_margin_tablet=&#8220;||30px||false|false&#8220; custom_margin_phone=&#8220;10px||30px||false|false&#8220; custom_margin_last_edited=&#8220;on|phone&#8220; global_colors_info=&#8220;{}&#8220;][\/et_pb_image][et_pb_text _builder_version=&#8220;4.24.2&#8243; _module_preset=&#8220;default&#8220; custom_margin=&#8220;||7px||false|false&#8220; link_option_url=&#8220;http:\/\/loomobox.com\/wp-content\/uploads\/2024\/03\/loomobox_founder.zip&#8220; link_option_url_new_window=&#8220;on&#8220; global_colors_info=&#8220;{}&#8220;]<\/p>\n<h4>Gr\u00fcnder-Team<\/h4>\n<p>[\/et_pb_text][et_pb_text _builder_version=&#8220;4.24.2&#8243; _module_preset=&#8220;default&#8220; text_text_color=&#8220;#76729B&#8220; custom_margin=&#8220;0px||||false|false&#8220; custom_padding=&#8220;0px||||false|false&#8220; link_option_url=&#8220;http:\/\/loomobox.com\/wp-content\/uploads\/2024\/03\/loomobox_founder.zip&#8220; link_option_url_new_window=&#8220;on&#8220; global_colors_info=&#8220;{}&#8220;]<\/p>\n<p>6 MB<\/p>\n<p>[\/et_pb_text][\/et_pb_column][et_pb_column type=&#8220;1_3&#8243; _builder_version=&#8220;4.23.1&#8243; _module_preset=&#8220;default&#8220; global_colors_info=&#8220;{}&#8220;][\/et_pb_column][et_pb_column type=&#8220;1_3&#8243; _builder_version=&#8220;4.23.1&#8243; _module_preset=&#8220;default&#8220; global_colors_info=&#8220;{}&#8220;][\/et_pb_column][\/et_pb_row][\/et_pb_section]<\/p>\n","protected":false},"excerpt":{"rendered":"<p>loomobox Presse\u00dcber loomobox.loomobox ist ein innovatives SaaS Start-up, das die Art und Weise revolutioniert, wie Unternehmen Produktbilder und -videos erstellen. Mit einer effizienten und benutzerfreundlichen Online-L\u00f6sung erm\u00f6glicht es loomobox ihren Usern, ohne notwendige Fachkenntnisse professionellen Content f\u00fcr ihre Produkte zu gestalten. Unser Ziel bei loomobox ist es, den traditionellen Content-Erstellungsprozess zu revolutionieren und radikal zu [&hellip;]<\/p>\n","protected":false},"author":1,"featured_media":0,"parent":0,"menu_order":0,"comment_status":"closed","ping_status":"closed","template":"","meta":{"_et_pb_use_builder":"on","_et_pb_old_content":"","_et_gb_content_width":"","footnotes":""},"class_list":["post-1819","page","type-page","status-publish","hentry"],"aioseo_notices":[],"_links":{"self":[{"href":"https:\/\/loomobox.com\/de\/wp-json\/wp\/v2\/pages\/1819","targetHints":{"allow":["GET"]}}],"collection":[{"href":"https:\/\/loomobox.com\/de\/wp-json\/wp\/v2\/pages"}],"about":[{"href":"https:\/\/loomobox.com\/de\/wp-json\/wp\/v2\/types\/page"}],"author":[{"embeddable":true,"href":"https:\/\/loomobox.com\/de\/wp-json\/wp\/v2\/users\/1"}],"replies":[{"embeddable":true,"href":"https:\/\/loomobox.com\/de\/wp-json\/wp\/v2\/comments?post=1819"}],"version-history":[{"count":11,"href":"https:\/\/loomobox.com\/de\/wp-json\/wp\/v2\/pages\/1819\/revisions"}],"predecessor-version":[{"id":1846,"href":"https:\/\/loomobox.com\/de\/wp-json\/wp\/v2\/pages\/1819\/revisions\/1846"}],"wp:attachment":[{"href":"https:\/\/loomobox.com\/de\/wp-json\/wp\/v2\/media?parent=1819"}],"curies":[{"name":"wp","href":"https:\/\/api.w.org\/{rel}","templated":true}]}}